{"id":1411,"date":"2020-12-07T17:23:31","date_gmt":"2020-12-07T15:23:31","guid":{"rendered":"https:\/\/www.civitelhotels.com\/?page_id=1411"},"modified":"2025-05-27T16:35:51","modified_gmt":"2025-05-27T13:35:51","slug":"contact","status":"publish","type":"page","link":"https:\/\/www.civitelhotels.com\/fr\/contact\/","title":{"rendered":"Contact"},"content":{"rendered":"<h1>Contactez-nous<\/h1>\n<p>11, rue Olimpias, 151 24, Maroussi, r\u00e9gion m\u00e9tropolitaine d&rsquo;Ath\u00e8nes, Gr\u00e8ce<br \/>\nT\u00e9l. : +30 210 6101000<br \/>\nE: info@civitelhotels.com<\/p>\n","protected":false},"excerpt":{"rendered":"<p>Contactez-nous 11, rue Olimpias, 151 24, Maroussi, r\u00e9gion m\u00e9tropolitaine d&rsquo;Ath\u00e8nes, Gr\u00e8ce T\u00e9l. : +30 210 6101000 E: info@civitelhotels.com<\/p>\n","protected":false},"author":1,"featured_media":0,"parent":0,"menu_order":140,"comment_status":"closed","ping_status":"closed","template":"templates\/template-contact.php","meta":[],"acf":[],"yoast_head":"<!-- This site is optimized with the Yoast SEO plugin v17.7 - https:\/\/yoast.com\/wordpress\/plugins\/seo\/ -->\n<meta name=\"robots\" content=\"index, follow, max-snippet:-1, max-image-preview:large, max-video-preview:-1\" \/>\n<link rel=\"canonical\" href=\"https:\/\/www.civitelhotels.com\/fr\/contact\/\" \/>\n<meta property=\"og:locale\" content=\"fr_FR\" \/>\n<meta property=\"og:type\" content=\"article\" \/>\n<meta property=\"og:title\" content=\"Contact - Civitel Group\" \/>\n<meta property=\"og:description\" content=\"Contactez-nous 11, rue Olimpias, 151 24, Maroussi, r\u00e9gion m\u00e9tropolitaine d&rsquo;Ath\u00e8nes, Gr\u00e8ce T\u00e9l. : +30 210 6101000 E: info@civitelhotels.com\" \/>\n<meta property=\"og:url\" content=\"https:\/\/www.civitelhotels.com\/fr\/contact\/\" \/>\n<meta property=\"og:site_name\" content=\"Civitel Group\" \/>\n<meta property=\"article:modified_time\" content=\"2025-05-27T13:35:51+00:00\" \/>\n<meta property=\"og:image\" content=\"https:\/\/www.civitelhotels.com\/wp-content\/uploads\/2020\/07\/civitel-attik-overview.jpg\" \/>\n\t<meta property=\"og:image:width\" content=\"1920\" \/>\n\t<meta property=\"og:image:height\" content=\"1080\" \/>\n<meta name=\"twitter:card\" content=\"summary\" \/>\n<script type=\"application\/ld+json\" class=\"yoast-schema-graph\">{\"@context\":\"https:\/\/schema.org\",\"@graph\":[{\"@type\":\"WebSite\",\"@id\":\"https:\/\/www.civitelhotels.com\/#website\",\"url\":\"https:\/\/www.civitelhotels.com\/\",\"name\":\"Civitel Group\",\"description\":\"\",\"potentialAction\":[{\"@type\":\"SearchAction\",\"target\":{\"@type\":\"EntryPoint\",\"urlTemplate\":\"https:\/\/www.civitelhotels.com\/?s={search_term_string}\"},\"query-input\":\"required name=search_term_string\"}],\"inLanguage\":\"fr-FR\"},{\"@type\":\"WebPage\",\"@id\":\"https:\/\/www.civitelhotels.com\/fr\/contact\/#webpage\",\"url\":\"https:\/\/www.civitelhotels.com\/fr\/contact\/\",\"name\":\"Contact - Civitel Group\",\"isPartOf\":{\"@id\":\"https:\/\/www.civitelhotels.com\/#website\"},\"datePublished\":\"2020-12-07T15:23:31+00:00\",\"dateModified\":\"2025-05-27T13:35:51+00:00\",\"breadcrumb\":{\"@id\":\"https:\/\/www.civitelhotels.com\/fr\/contact\/#breadcrumb\"},\"inLanguage\":\"fr-FR\",\"potentialAction\":[{\"@type\":\"ReadAction\",\"target\":[\"https:\/\/www.civitelhotels.com\/fr\/contact\/\"]}]},{\"@type\":\"BreadcrumbList\",\"@id\":\"https:\/\/www.civitelhotels.com\/fr\/contact\/#breadcrumb\",\"itemListElement\":[{\"@type\":\"ListItem\",\"position\":1,\"name\":\"Home\",\"item\":\"https:\/\/www.civitelhotels.com\/fr\/\"},{\"@type\":\"ListItem\",\"position\":2,\"name\":\"Contact\"}]}]}<\/script>\n<!-- \/ Yoast SEO plugin. -->","yoast_head_json":{"robots":{"index":"index","follow":"follow","max-snippet":"max-snippet:-1","max-image-preview":"max-image-preview:large","max-video-preview":"max-video-preview:-1"},"canonical":"https:\/\/www.civitelhotels.com\/fr\/contact\/","og_locale":"fr_FR","og_type":"article","og_title":"Contact - Civitel Group","og_description":"Contactez-nous 11, rue Olimpias, 151 24, Maroussi, r\u00e9gion m\u00e9tropolitaine d&rsquo;Ath\u00e8nes, Gr\u00e8ce T\u00e9l. : +30 210 6101000 E: info@civitelhotels.com","og_url":"https:\/\/www.civitelhotels.com\/fr\/contact\/","og_site_name":"Civitel Group","article_modified_time":"2025-05-27T13:35:51+00:00","og_image":[{"width":1920,"height":1080,"url":"https:\/\/www.civitelhotels.com\/wp-content\/uploads\/2020\/07\/civitel-attik-overview.jpg","type":"image\/jpeg"}],"twitter_card":"summary","schema":{"@context":"https:\/\/schema.org","@graph":[{"@type":"WebSite","@id":"https:\/\/www.civitelhotels.com\/#website","url":"https:\/\/www.civitelhotels.com\/","name":"Civitel Group","description":"","potentialAction":[{"@type":"SearchAction","target":{"@type":"EntryPoint","urlTemplate":"https:\/\/www.civitelhotels.com\/?s={search_term_string}"},"query-input":"required name=search_term_string"}],"inLanguage":"fr-FR"},{"@type":"WebPage","@id":"https:\/\/www.civitelhotels.com\/fr\/contact\/#webpage","url":"https:\/\/www.civitelhotels.com\/fr\/contact\/","name":"Contact - Civitel Group","isPartOf":{"@id":"https:\/\/www.civitelhotels.com\/#website"},"datePublished":"2020-12-07T15:23:31+00:00","dateModified":"2025-05-27T13:35:51+00:00","breadcrumb":{"@id":"https:\/\/www.civitelhotels.com\/fr\/contact\/#breadcrumb"},"inLanguage":"fr-FR","potentialAction":[{"@type":"ReadAction","target":["https:\/\/www.civitelhotels.com\/fr\/contact\/"]}]},{"@type":"BreadcrumbList","@id":"https:\/\/www.civitelhotels.com\/fr\/contact\/#breadcrumb","itemListElement":[{"@type":"ListItem","position":1,"name":"Home","item":"https:\/\/www.civitelhotels.com\/fr\/"},{"@type":"ListItem","position":2,"name":"Contact"}]}]}},"_links":{"self":[{"href":"https:\/\/www.civitelhotels.com\/fr\/wp-json\/wp\/v2\/pages\/1411"}],"collection":[{"href":"https:\/\/www.civitelhotels.com\/fr\/wp-json\/wp\/v2\/pages"}],"about":[{"href":"https:\/\/www.civitelhotels.com\/fr\/wp-json\/wp\/v2\/types\/page"}],"author":[{"embeddable":true,"href":"https:\/\/www.civitelhotels.com\/fr\/wp-json\/wp\/v2\/users\/1"}],"replies":[{"embeddable":true,"href":"https:\/\/www.civitelhotels.com\/fr\/wp-json\/wp\/v2\/comments?post=1411"}],"version-history":[{"count":4,"href":"https:\/\/www.civitelhotels.com\/fr\/wp-json\/wp\/v2\/pages\/1411\/revisions"}],"predecessor-version":[{"id":14431,"href":"https:\/\/www.civitelhotels.com\/fr\/wp-json\/wp\/v2\/pages\/1411\/revisions\/14431"}],"wp:attachment":[{"href":"https:\/\/www.civitelhotels.com\/fr\/wp-json\/wp\/v2\/media?parent=1411"}],"curies":[{"name":"wp","href":"https:\/\/api.w.org\/{rel}","templated":true}]}}